{"id":15,"date":"2024-05-24T19:27:51","date_gmt":"2024-05-24T19:27:51","guid":{"rendered":"https:\/\/www.weiss-spitz.com\/home\/"},"modified":"2024-08-15T20:22:50","modified_gmt":"2024-08-15T18:22:50","slug":"home","status":"publish","type":"page","link":"https:\/\/www.weiss-spitz.com\/it\/","title":{"rendered":"Home"},"content":{"rendered":"\n<div class=\"wp-block-media-text alignwide has-media-on-the-right is-stacked-on-mobile\" style=\"grid-template-columns:auto 49%\"><div class=\"wp-block-media-text__content\">\n<h1 class=\"wp-block-heading has-primary-color has-text-color\">Vacanze a casa<\/h1>\n\n\n\n<p>Sentitevi come se foste nelle vostre 4 mura con noi<\/p>\n\n\n\n<div class=\"wp-block-button is-style-outline is-style-outline--1\"><a class=\"wp-block-button__link wp-element-button\" href=\"https:\/\/www.weiss-spitz.com\/contact\/\">Invia una richiesta<\/a><\/div>\n<\/div><figure class=\"wp-block-media-text__media\"><img loading=\"lazy\" decoding=\"async\" width=\"1024\" height=\"682\" src=\"https:\/\/www.weiss-spitz.com\/wp-content\/uploads\/2024\/08\/Kueche-1024x682.png\" alt=\"\" class=\"wp-image-54 size-full\" srcset=\"https:\/\/www.weiss-spitz.com\/wp-content\/uploads\/2024\/08\/Kueche-1024x682.png 1024w, https:\/\/www.weiss-spitz.com\/wp-content\/uploads\/2024\/08\/Kueche-300x200.png 300w, https:\/\/www.weiss-spitz.com\/wp-content\/uploads\/2024\/08\/Kueche-768x512.png 768w, https:\/\/www.weiss-spitz.com\/wp-content\/uploads\/2024\/08\/Kueche.png 1049w\" sizes=\"auto, (max-width: 1024px) 100vw, 1024px\" \/><\/figure><\/div>\n\n\n\n<h3 class=\"wp-block-heading has-text-align-center\">2 appartamenti disponibili<\/h3>\n\n\n\n<div class=\"wp-block-group alignwide\"><div class=\"wp-block-group__inner-container is-layout-constrained wp-block-group-is-layout-constrained\">\n<figure class=\"alignwide wp-block-coblocks-gallery-masonry alignwide masonry-grid has-medium-gutter\">\n<figure class=\"wp-block-image size-full masonry-brick\"><img loading=\"lazy\" decoding=\"async\" width=\"900\" height=\"600\" src=\"https:\/\/www.weiss-spitz.com\/wp-content\/uploads\/2024\/08\/1R5A1549-Bearbeitet-Bearbeitet.png\" alt=\"\" class=\"wp-image-62\" srcset=\"https:\/\/www.weiss-spitz.com\/wp-content\/uploads\/2024\/08\/1R5A1549-Bearbeitet-Bearbeitet.png 900w, https:\/\/www.weiss-spitz.com\/wp-content\/uploads\/2024\/08\/1R5A1549-Bearbeitet-Bearbeitet-300x200.png 300w, https:\/\/www.weiss-spitz.com\/wp-content\/uploads\/2024\/08\/1R5A1549-Bearbeitet-Bearbeitet-768x512.png 768w\" sizes=\"auto, (max-width: 900px) 100vw, 900px\" \/><\/figure>\n\n\n\n<figure class=\"wp-block-image size-full masonry-brick\"><img loading=\"lazy\" decoding=\"async\" width=\"800\" height=\"533\" src=\"https:\/\/www.weiss-spitz.com\/wp-content\/uploads\/2024\/08\/1R5A1514-Bearbeitet-Bearbeitet1.png\" alt=\"\" class=\"wp-image-61\" srcset=\"https:\/\/www.weiss-spitz.com\/wp-content\/uploads\/2024\/08\/1R5A1514-Bearbeitet-Bearbeitet1.png 800w, https:\/\/www.weiss-spitz.com\/wp-content\/uploads\/2024\/08\/1R5A1514-Bearbeitet-Bearbeitet1-300x200.png 300w, https:\/\/www.weiss-spitz.com\/wp-content\/uploads\/2024\/08\/1R5A1514-Bearbeitet-Bearbeitet1-768x512.png 768w\" sizes=\"auto, (max-width: 800px) 100vw, 800px\" \/><\/figure>\n\n\n\n<figure class=\"wp-block-image size-full masonry-brick\"><img loading=\"lazy\" decoding=\"async\" width=\"800\" height=\"533\" src=\"https:\/\/www.weiss-spitz.com\/wp-content\/uploads\/2024\/08\/1R5A1614-Bearbeitet.png\" alt=\"\" class=\"wp-image-57\" srcset=\"https:\/\/www.weiss-spitz.com\/wp-content\/uploads\/2024\/08\/1R5A1614-Bearbeitet.png 800w, https:\/\/www.weiss-spitz.com\/wp-content\/uploads\/2024\/08\/1R5A1614-Bearbeitet-300x200.png 300w, https:\/\/www.weiss-spitz.com\/wp-content\/uploads\/2024\/08\/1R5A1614-Bearbeitet-768x512.png 768w\" sizes=\"auto, (max-width: 800px) 100vw, 800px\" \/><\/figure>\n\n\n\n<figure class=\"wp-block-image size-full masonry-brick\"><img loading=\"lazy\" decoding=\"async\" width=\"533\" height=\"800\" src=\"https:\/\/www.weiss-spitz.com\/wp-content\/uploads\/2024\/08\/1R5A1558-Bearbeitet.png\" alt=\"\" class=\"wp-image-63\" srcset=\"https:\/\/www.weiss-spitz.com\/wp-content\/uploads\/2024\/08\/1R5A1558-Bearbeitet.png 533w, https:\/\/www.weiss-spitz.com\/wp-content\/uploads\/2024\/08\/1R5A1558-Bearbeitet-200x300.png 200w\" sizes=\"auto, (max-width: 533px) 100vw, 533px\" \/><\/figure>\n\n\n\n<figure class=\"wp-block-image size-full masonry-brick\"><img loading=\"lazy\" decoding=\"async\" width=\"533\" height=\"800\" src=\"https:\/\/www.weiss-spitz.com\/wp-content\/uploads\/2024\/08\/1R5A1642-Bearbeitet.png\" alt=\"\" class=\"wp-image-59\" srcset=\"https:\/\/www.weiss-spitz.com\/wp-content\/uploads\/2024\/08\/1R5A1642-Bearbeitet.png 533w, https:\/\/www.weiss-spitz.com\/wp-content\/uploads\/2024\/08\/1R5A1642-Bearbeitet-200x300.png 200w\" sizes=\"auto, (max-width: 533px) 100vw, 533px\" \/><\/figure>\n\n\n\n<figure class=\"wp-block-image size-large masonry-brick\"><img loading=\"lazy\" decoding=\"async\" width=\"800\" height=\"533\" src=\"https:\/\/www.weiss-spitz.com\/wp-content\/uploads\/2024\/08\/1R5A1576-Bearbeitet.png\" alt=\"Image gallery image\" class=\"wp-image-64\" srcset=\"https:\/\/www.weiss-spitz.com\/wp-content\/uploads\/2024\/08\/1R5A1576-Bearbeitet.png 800w, https:\/\/www.weiss-spitz.com\/wp-content\/uploads\/2024\/08\/1R5A1576-Bearbeitet-300x200.png 300w, https:\/\/www.weiss-spitz.com\/wp-content\/uploads\/2024\/08\/1R5A1576-Bearbeitet-768x512.png 768w\" sizes=\"auto, (max-width: 800px) 100vw, 800px\" \/><\/figure>\n\n\n\n<figure class=\"wp-block-image size-full masonry-brick\"><img loading=\"lazy\" decoding=\"async\" width=\"533\" height=\"800\" src=\"https:\/\/www.weiss-spitz.com\/wp-content\/uploads\/2024\/08\/1R5A1654-Bearbeitet.png\" alt=\"\" class=\"wp-image-60\" srcset=\"https:\/\/www.weiss-spitz.com\/wp-content\/uploads\/2024\/08\/1R5A1654-Bearbeitet.png 533w, https:\/\/www.weiss-spitz.com\/wp-content\/uploads\/2024\/08\/1R5A1654-Bearbeitet-200x300.png 200w\" sizes=\"auto, (max-width: 533px) 100vw, 533px\" \/><\/figure>\n<\/figure>\n<\/div><\/div>\n\n\n\n<div class=\"wp-block-group alignfull has-tertiary-background-color has-background\"><div class=\"wp-block-group__inner-container is-layout-flow wp-block-group-is-layout-flow\">\n<h3 class=\"wp-block-heading has-text-align-center\">Highlights intorno a Vipiteno<\/h3>\n\n\n\n<div style=\"height:20px\" aria-hidden=\"true\" class=\"wp-block-spacer\"><\/div>\n\n\n\n<div class=\"wp-block-columns is-layout-flex wp-container-core-columns-is-layout-9d6595d7 wp-block-columns-is-layout-flex\">\n<div class=\"wp-block-column is-layout-flow wp-block-column-is-layout-flow\">\n<figure class=\"wp-block-image size-large is-resized\"><img loading=\"lazy\" decoding=\"async\" width=\"1024\" height=\"684\" src=\"https:\/\/www.weiss-spitz.com\/wp-content\/uploads\/2024\/08\/knoedelfest-lowres-99tales-63-1024x684.jpg\" alt=\"\" class=\"wp-image-68\" style=\"width:419px;height:auto\" srcset=\"https:\/\/www.weiss-spitz.com\/wp-content\/uploads\/2024\/08\/knoedelfest-lowres-99tales-63-1024x684.jpg 1024w, https:\/\/www.weiss-spitz.com\/wp-content\/uploads\/2024\/08\/knoedelfest-lowres-99tales-63-300x200.jpg 300w, https:\/\/www.weiss-spitz.com\/wp-content\/uploads\/2024\/08\/knoedelfest-lowres-99tales-63-768x513.jpg 768w, https:\/\/www.weiss-spitz.com\/wp-content\/uploads\/2024\/08\/knoedelfest-lowres-99tales-63-1536x1026.jpg 1536w, https:\/\/www.weiss-spitz.com\/wp-content\/uploads\/2024\/08\/knoedelfest-lowres-99tales-63.jpg 1920w\" sizes=\"auto, (max-width: 1024px) 100vw, 1024px\" \/><\/figure>\n\n\n\n<h3 class=\"wp-block-heading\">Torre delle Dodici<\/h3>\n\n\n\n<p>\u00e8 il simbolo di Vipiteno e fu costruita nel XV secolo. La torre segna il confine tra la citt\u00e0 vecchia e la citt\u00e0 nuova e offre una vista impressionante dell&#8217;area circostante.<\/p>\n<\/div>\n\n\n\n<div class=\"wp-block-column is-layout-flow wp-block-column-is-layout-flow\">\n<figure class=\"wp-block-image size-large is-resized\"><img loading=\"lazy\" decoding=\"async\" width=\"1024\" height=\"683\" src=\"https:\/\/www.weiss-spitz.com\/wp-content\/uploads\/2024\/08\/Matthias_Suessen_Sommer2017-7801-1024x683.jpg\" alt=\"\" class=\"wp-image-96\" style=\"width:415px;height:auto\" srcset=\"https:\/\/www.weiss-spitz.com\/wp-content\/uploads\/2024\/08\/Matthias_Suessen_Sommer2017-7801-1024x683.jpg 1024w, https:\/\/www.weiss-spitz.com\/wp-content\/uploads\/2024\/08\/Matthias_Suessen_Sommer2017-7801-300x200.jpg 300w, https:\/\/www.weiss-spitz.com\/wp-content\/uploads\/2024\/08\/Matthias_Suessen_Sommer2017-7801-768x512.jpg 768w, https:\/\/www.weiss-spitz.com\/wp-content\/uploads\/2024\/08\/Matthias_Suessen_Sommer2017-7801-1536x1024.jpg 1536w, https:\/\/www.weiss-spitz.com\/wp-content\/uploads\/2024\/08\/Matthias_Suessen_Sommer2017-7801-2048x1365.jpg 2048w\" sizes=\"auto, (max-width: 1024px) 100vw, 1024px\" \/><\/figure>\n\n\n\n<h3 class=\"wp-block-heading\">Castel Tasso<\/h3>\n\n\n\n<p>risale al XII secolo ed \u00e8 uno dei castelli medievali meglio conservati dell&#8217;Alto Adige. Offre visite guidate che permettono di conoscere la storia e la vita del Medioevo.<\/p>\n<\/div>\n\n\n\n<div class=\"wp-block-column is-layout-flow wp-block-column-is-layout-flow\">\n<figure class=\"wp-block-image size-large is-resized\"><img loading=\"lazy\" decoding=\"async\" width=\"1024\" height=\"685\" src=\"https:\/\/www.weiss-spitz.com\/wp-content\/uploads\/2024\/08\/Weissspitze_bei_Gossensass-1-1024x685.jpeg\" alt=\"\" class=\"wp-image-98\" style=\"width:425px;height:auto\" srcset=\"https:\/\/www.weiss-spitz.com\/wp-content\/uploads\/2024\/08\/Weissspitze_bei_Gossensass-1-1024x685.jpeg 1024w, https:\/\/www.weiss-spitz.com\/wp-content\/uploads\/2024\/08\/Weissspitze_bei_Gossensass-1-300x201.jpeg 300w, https:\/\/www.weiss-spitz.com\/wp-content\/uploads\/2024\/08\/Weissspitze_bei_Gossensass-1-768x514.jpeg 768w, https:\/\/www.weiss-spitz.com\/wp-content\/uploads\/2024\/08\/Weissspitze_bei_Gossensass-1-1536x1028.jpeg 1536w, https:\/\/www.weiss-spitz.com\/wp-content\/uploads\/2024\/08\/Weissspitze_bei_Gossensass-1-2048x1371.jpeg 2048w\" sizes=\"auto, (max-width: 1024px) 100vw, 1024px\" \/><\/figure>\n\n\n\n<h3 class=\"wp-block-heading\">La montagna Wei\u00df-Spitz<\/h3>\n\n\n\n<p>\u00e8 una suggestiva montagna delle Alpi dello Stubai, vicino a Vipiteno. Con un&#8217;altitudine di circa 3.017 metri, \u00e8 una destinazione popolare per alpinisti e scialpinisti esperti. La montagna offre una vista impressionante sulle cime e sulle valli circostanti, tra cui la valle Wipptal e le Alpi della Zillertal.<\/p>\n<\/div>\n<\/div>\n<\/div><\/div>\n","protected":false},"excerpt":{"rendered":"<p>2 appartamenti disponibili Highlights intorno a Vipiteno Torre delle Dodici \u00e8 il simbolo di Vipiteno e fu costruita nel XV secolo. La torre segna il confine tra la citt\u00e0 vecchia e la citt\u00e0 nuova e offre una vista impressionante dell&#8217;area circostante. Castel Tasso risale al XII secolo ed \u00e8 uno dei castelli medievali meglio conservati [&hellip;]<\/p>\n","protected":false},"author":1,"featured_media":0,"parent":0,"menu_order":0,"comment_status":"closed","ping_status":"closed","template":"","meta":{"_coblocks_attr":"","_coblocks_dimensions":"","_coblocks_responsive_height":"","_coblocks_accordion_ie_support":"","hide_page_title":"","footnotes":""},"class_list":["post-15","page","type-page","status-publish","hentry"],"translation":{"provider":"WPGlobus","version":"3.0.2","language":"it","enabled_languages":["de","en","it"],"languages":{"de":{"title":true,"content":true,"excerpt":false},"en":{"title":true,"content":true,"excerpt":false},"it":{"title":true,"content":true,"excerpt":false}}},"yoast_head":"<!-- This site is optimized with the Yoast SEO plugin v27.4 - https:\/\/yoast.com\/product\/yoast-seo-wordpress\/ -->\n<title>Home - Weiss-Spitz - Apartments<\/title>\n<meta name=\"robots\" content=\"index, follow, max-snippet:-1, max-image-preview:large, max-video-preview:-1\" \/>\n<link rel=\"canonical\" href=\"https:\/\/www.weiss-spitz.com\/\" \/>\n<meta property=\"og:locale\" content=\"it_IT\" \/>\n<meta property=\"og:type\" content=\"article\" \/>\n<meta property=\"og:title\" content=\"Home - Weiss-Spitz - Apartments\" \/>\n<meta property=\"og:url\" content=\"https:\/\/www.weiss-spitz.com\/\" \/>\n<meta property=\"og:site_name\" content=\"Weiss-Spitz - Apartments\" \/>\n<meta property=\"article:modified_time\" content=\"2024-08-15T18:22:50+00:00\" \/>\n<meta property=\"og:image\" content=\"https:\/\/www.weiss-spitz.com\/wp-content\/uploads\/2024\/08\/Kueche-1024x682.png\" \/>\n<meta name=\"twitter:card\" content=\"summary_large_image\" \/>\n<meta name=\"twitter:label1\" content=\"Est. reading time\" \/>\n\t<meta name=\"twitter:data1\" content=\"3 minutes\" \/>\n<script type=\"application\/ld+json\" class=\"yoast-schema-graph\">{\"@context\":\"https:\\\/\\\/schema.org\",\"@graph\":[{\"@type\":\"WebPage\",\"@id\":\"https:\\\/\\\/www.weiss-spitz.com\\\/\",\"url\":\"https:\\\/\\\/www.weiss-spitz.com\\\/\",\"name\":\"Home - Weiss-Spitz - Apartments\",\"isPartOf\":{\"@id\":\"https:\\\/\\\/www.weiss-spitz.com\\\/#website\"},\"primaryImageOfPage\":{\"@id\":\"https:\\\/\\\/www.weiss-spitz.com\\\/#primaryimage\"},\"image\":{\"@id\":\"https:\\\/\\\/www.weiss-spitz.com\\\/#primaryimage\"},\"thumbnailUrl\":\"https:\\\/\\\/www.weiss-spitz.com\\\/wp-content\\\/uploads\\\/2024\\\/08\\\/Kueche-1024x682.png\",\"datePublished\":\"2024-05-24T19:27:51+00:00\",\"dateModified\":\"2024-08-15T18:22:50+00:00\",\"breadcrumb\":{\"@id\":\"https:\\\/\\\/www.weiss-spitz.com\\\/#breadcrumb\"},\"inLanguage\":\"it-IT\",\"potentialAction\":[{\"@type\":\"ReadAction\",\"target\":[\"https:\\\/\\\/www.weiss-spitz.com\\\/\"]}]},{\"@type\":\"ImageObject\",\"inLanguage\":\"it-IT\",\"@id\":\"https:\\\/\\\/www.weiss-spitz.com\\\/#primaryimage\",\"url\":\"https:\\\/\\\/www.weiss-spitz.com\\\/wp-content\\\/uploads\\\/2024\\\/08\\\/Kueche-1024x682.png\",\"contentUrl\":\"https:\\\/\\\/www.weiss-spitz.com\\\/wp-content\\\/uploads\\\/2024\\\/08\\\/Kueche-1024x682.png\"},{\"@type\":\"BreadcrumbList\",\"@id\":\"https:\\\/\\\/www.weiss-spitz.com\\\/#breadcrumb\",\"itemListElement\":[{\"@type\":\"ListItem\",\"position\":1,\"name\":\"Home\",\"item\":\"https:\\\/\\\/www.weiss-spitz.com\\\/\"},{\"@type\":\"ListItem\",\"position\":2,\"name\":\"Home\"}]},{\"@type\":\"WebSite\",\"@id\":\"https:\\\/\\\/www.weiss-spitz.com\\\/#website\",\"url\":\"https:\\\/\\\/www.weiss-spitz.com\\\/\",\"name\":\"Weiss-Spitz - Apartments\",\"description\":\"\",\"potentialAction\":[{\"@type\":\"SearchAction\",\"target\":{\"@type\":\"EntryPoint\",\"urlTemplate\":\"https:\\\/\\\/www.weiss-spitz.com\\\/?s={search_term_string}\"},\"query-input\":{\"@type\":\"PropertyValueSpecification\",\"valueRequired\":true,\"valueName\":\"search_term_string\"}}],\"inLanguage\":\"it-IT\"}]}<\/script>\n<!-- \/ Yoast SEO plugin. -->","yoast_head_json":{"title":"Home - Weiss-Spitz - Apartments","robots":{"index":"index","follow":"follow","max-snippet":"max-snippet:-1","max-image-preview":"max-image-preview:large","max-video-preview":"max-video-preview:-1"},"canonical":"https:\/\/www.weiss-spitz.com\/","og_locale":"it_IT","og_type":"article","og_title":"Home - Weiss-Spitz - Apartments","og_url":"https:\/\/www.weiss-spitz.com\/","og_site_name":"Weiss-Spitz - Apartments","article_modified_time":"2024-08-15T18:22:50+00:00","og_image":[{"url":"https:\/\/www.weiss-spitz.com\/wp-content\/uploads\/2024\/08\/Kueche-1024x682.png","type":"","width":"","height":""}],"twitter_card":"summary_large_image","twitter_misc":{"Est. reading time":"3 minutes"},"schema":{"@context":"https:\/\/schema.org","@graph":[{"@type":"WebPage","@id":"https:\/\/www.weiss-spitz.com\/","url":"https:\/\/www.weiss-spitz.com\/","name":"Home - Weiss-Spitz - Apartments","isPartOf":{"@id":"https:\/\/www.weiss-spitz.com\/#website"},"primaryImageOfPage":{"@id":"https:\/\/www.weiss-spitz.com\/#primaryimage"},"image":{"@id":"https:\/\/www.weiss-spitz.com\/#primaryimage"},"thumbnailUrl":"https:\/\/www.weiss-spitz.com\/wp-content\/uploads\/2024\/08\/Kueche-1024x682.png","datePublished":"2024-05-24T19:27:51+00:00","dateModified":"2024-08-15T18:22:50+00:00","breadcrumb":{"@id":"https:\/\/www.weiss-spitz.com\/#breadcrumb"},"inLanguage":"it-IT","potentialAction":[{"@type":"ReadAction","target":["https:\/\/www.weiss-spitz.com\/"]}]},{"@type":"ImageObject","inLanguage":"it-IT","@id":"https:\/\/www.weiss-spitz.com\/#primaryimage","url":"https:\/\/www.weiss-spitz.com\/wp-content\/uploads\/2024\/08\/Kueche-1024x682.png","contentUrl":"https:\/\/www.weiss-spitz.com\/wp-content\/uploads\/2024\/08\/Kueche-1024x682.png"},{"@type":"BreadcrumbList","@id":"https:\/\/www.weiss-spitz.com\/#breadcrumb","itemListElement":[{"@type":"ListItem","position":1,"name":"Home","item":"https:\/\/www.weiss-spitz.com\/"},{"@type":"ListItem","position":2,"name":"Home"}]},{"@type":"WebSite","@id":"https:\/\/www.weiss-spitz.com\/#website","url":"https:\/\/www.weiss-spitz.com\/","name":"Weiss-Spitz - Apartments","description":"","potentialAction":[{"@type":"SearchAction","target":{"@type":"EntryPoint","urlTemplate":"https:\/\/www.weiss-spitz.com\/?s={search_term_string}"},"query-input":{"@type":"PropertyValueSpecification","valueRequired":true,"valueName":"search_term_string"}}],"inLanguage":"it-IT"}]}},"_links":{"self":[{"href":"https:\/\/www.weiss-spitz.com\/it\/wp-json\/wp\/v2\/pages\/15","targetHints":{"allow":["GET"]}}],"collection":[{"href":"https:\/\/www.weiss-spitz.com\/it\/wp-json\/wp\/v2\/pages"}],"about":[{"href":"https:\/\/www.weiss-spitz.com\/it\/wp-json\/wp\/v2\/types\/page"}],"author":[{"embeddable":true,"href":"https:\/\/www.weiss-spitz.com\/it\/wp-json\/wp\/v2\/users\/1"}],"replies":[{"embeddable":true,"href":"https:\/\/www.weiss-spitz.com\/it\/wp-json\/wp\/v2\/comments?post=15"}],"version-history":[{"count":8,"href":"https:\/\/www.weiss-spitz.com\/it\/wp-json\/wp\/v2\/pages\/15\/revisions"}],"predecessor-version":[{"id":107,"href":"https:\/\/www.weiss-spitz.com\/it\/wp-json\/wp\/v2\/pages\/15\/revisions\/107"}],"wp:attachment":[{"href":"https:\/\/www.weiss-spitz.com\/it\/wp-json\/wp\/v2\/media?parent=15"}],"curies":[{"name":"wp","href":"https:\/\/api.w.org\/{rel}","templated":true}]}}